{"id":30,"date":"2024-06-05T09:47:30","date_gmt":"2024-06-05T07:47:30","guid":{"rendered":"https:\/\/www.tni-medical.de\/en\/?page_id=30"},"modified":"2025-04-16T15:55:51","modified_gmt":"2025-04-16T13:55:51","slug":"location","status":"publish","type":"page","link":"https:\/\/www.tni-medical.de\/en\/contact\/location\/","title":{"rendered":"Location"},"content":{"rendered":"\n<h1 class=\"wp-block-heading\">Headquarters<\/h1>\n\n\n\n<p><strong>Tip<\/strong>: To plan your route using Google Maps, simply click on the pin in the middle of the map.<\/p>\n\n\n\n<link rel=\"stylesheet\" href=\"https:\/\/www.tni-medical.de\/wp-content\/themes\/tnimedical\/leaflet\/leaflet.css\">\n<script src=\"https:\/\/www.tni-medical.de\/wp-content\/themes\/tnimedical\/leaflet\/leaflet.js\"><\/script>\n<link rel=\"stylesheet\" href=\"https:\/\/www.tni-medical.de\/wp-content\/themes\/tnimedical\/leaflet\/leaflet-gesture-handling.min.css\" type=\"text\/css\">\n<script src=\"https:\/\/www.tni-medical.de\/wp-content\/themes\/tnimedical\/leaflet\/leaflet-gesture-handling.min.js\"><\/script>\n<style type=\"text\/css\">\n<!--\n#map {\n\tbackground-color: transparent;\n\tbackground-position: top center;\n\tbackground-size: auto;\n\tbackground-repeat: no-repeat;\n\ttext-align: center;\n\tdisplay: inline-block;\n\tvertical-align: middle;\n\tborder: none;\n\tmargin: 0;\n\tpadding: 0;\n}\n.leaflet-container {\n\tfont-size: 12px;\n}\n.leaflet-container a,\n.leaflet-container a:visited {\n\ttext-decoration: none;\n}\n.leaflet-container a:hover {\n\ttext-decoration: underline;\n}\n.info .h {\n\tfont-weight: bold;\n\tfont-size: 18px;\n\tcolor: #1e1c19;\n}\n@media all and (max-width: 479px) {\n\t.info .h,\n\t.info div {\n\t\tfont-size: 15px;\n\t}\n}\n.class-tooltip {\n\ttext-align: center;\n\tfont-size: 14px;\n\tmin-width: 200px;\n\tmax-width: 400px;\n}\n.class-tooltip .h {\n\tmargin: 0;\n\tpadding: 0;\n\tfont-size: 14px;\n\tfont-weight: bold;\n\tcolor: #1e1c19;\n\twhite-space: normal !important;\n\tword-wrap: break-word;\n}\n.class-tooltip .t {\n\tfont-size: 14px;\n}\n.leaflet-control-container {\n\tz-index: 990;\n\tposition: relative;\n}\n.leaflet-control-zoom a[href$=\"#\"], .leaflet-control-zoom a[href$=\"#\"]:link, .leaflet-control-zoom a[href$=\"#\"]:visited, .leaflet-control-zoom a[href$=\"#\"]:hover {\n\tpointer-events: unset !important;\n\tcolor: #000 !important;\n\ttext-decoration: none !important;\n\tdisplay: block;\n}\na.map-navigation.active {\n\tbackground-color: #dedede;\n}\na.map-navigation:hover,\na.map-navigation.active:hover {\n\ttext-decoration: none;\n\tbackground-color: #d4d4d4 !important;\n}\na.leaflet-control-zoom-in,\na.leaflet-control-zoom-in:visited,\na.leaflet-control-zoom-out,\na.leaflet-control-zoom-out:visited {\n\ttext-decoration: none !important;\n}\n-->\n<\/style>\n<script type=\"text\/javascript\">\n\/\/<![CDATA[\nfunction load_content_map_id1() {\n\tjQuery.ajax({\n\t\turl: \"https:\/\/www.tni-medical.de\/wp-content\/themes\/tnimedical\/leaflet\/index-en-tile-karte.js\",\n\t\tdataType: 'script'\n\t});\n}\nfunction LocateStandard() {\n\tsetTimeout(function () {\n\t\tmap.setView([49.80384, 10.230508], 13, {animation: true});\n\t}, 200);\n\t\n}\n\/\/]]>\n<\/script>\n<div id=\"map\" style=\"width: 100%; height: 400px;\"><\/div>\n<script type=\"text\/javascript\">\n\/\/<![CDATA[\nload_content_map_id1();\n\/\/]]>\n<\/script>\n\n\n\n<h2 class=\"wp-block-heading\">By train<\/h2>\n\n\n\n<p>From W\u00fcrzburg main station, it takes about 10 to 15 minutes by taxi to N\u00fcrnberger Str. 74a.<\/p>\n\n\n\n<h2 class=\"wp-block-heading\">By car<\/h2>\n\n\n\n<p>C oming from the A3 from Frankfurt, take exit 70-W\u00fcrzburg-Heidingsfeld, continue on the B19 towards Greinberg knot. Before the Greinberg junction, take the Gneisenaustra\u00dfe exit.<br>At the end of the street, turn left and turn right onto N\u00fcrnberger Str. After about 500m you will reach the company building on the right.<\/p>\n\n\n\n<p>Coming from the A3 from Nuremberg, take exit 73-Biebelried and continue on the B8 towards W\u00fcrzburg. Take the exit towards Lengfeld\/W\u00fcrzburg-Ost and get into the left lane to turn.<br>Turn left and take the second exit at the roundabout. After about 700m you will reach the company building on the left.<\/p>\n\n\n\n<h2 class=\"wp-block-heading\">By plane<\/h2>\n\n\n\n<p>Either from Frankfurt am Main with the IC\/ICE to W\u00fcrzburg main station (duration approx. 1 hour) or from Nuremberg Airport with the IC\/ICE to W\u00fcrzburg main station (duration approx. 1 hour).<br>From W\u00fcrzburg main station, it takes about 10 to 15 minutes by taxi to N\u00fcrnberger Str. 74a.<\/p>\n<div class=\"pvc_clear\"><\/div><p id=\"pvc_stats_30\" class=\"pvc_stats all  \" data-element-id=\"30\" style=\"\"><i class=\"pvc-stats-icon small\" aria-hidden=\"true\"><svg aria-hidden=\"true\" focusable=\"false\" data-prefix=\"far\" data-icon=\"chart-bar\" role=\"img\" xmlns=\"http:\/\/www.w3.org\/2000\/svg\" viewBox=\"0 0 512 512\" class=\"svg-inline--fa fa-chart-bar fa-w-16 fa-2x\"><path fill=\"currentColor\" d=\"M396.8 352h22.4c6.4 0 12.8-6.4 12.8-12.8V108.8c0-6.4-6.4-12.8-12.8-12.8h-22.4c-6.4 0-12.8 6.4-12.8 12.8v230.4c0 6.4 6.4 12.8 12.8 12.8zm-192 0h22.4c6.4 0 12.8-6.4 12.8-12.8V140.8c0-6.4-6.4-12.8-12.8-12.8h-22.4c-6.4 0-12.8 6.4-12.8 12.8v198.4c0 6.4 6.4 12.8 12.8 12.8zm96 0h22.4c6.4 0 12.8-6.4 12.8-12.8V204.8c0-6.4-6.4-12.8-12.8-12.8h-22.4c-6.4 0-12.8 6.4-12.8 12.8v134.4c0 6.4 6.4 12.8 12.8 12.8zM496 400H48V80c0-8.84-7.16-16-16-16H16C7.16 64 0 71.16 0 80v336c0 17.67 14.33 32 32 32h464c8.84 0 16-7.16 16-16v-16c0-8.84-7.16-16-16-16zm-387.2-48h22.4c6.4 0 12.8-6.4 12.8-12.8v-70.4c0-6.4-6.4-12.8-12.8-12.8h-22.4c-6.4 0-12.8 6.4-12.8 12.8v70.4c0 6.4 6.4 12.8 12.8 12.8z\" class=\"\"><\/path><\/svg><\/i> <img loading=\"lazy\" decoding=\"async\" width=\"16\" height=\"16\" alt=\"Loading\" src=\"https:\/\/www.tni-medical.de\/en\/wp-content\/plugins\/page-views-count\/ajax-loader-2x.gif\" border=0 \/><\/p><div class=\"pvc_clear\"><\/div>","protected":false},"excerpt":{"rendered":"<p>Headquarters Tip: To plan your route using Google Maps, simply click on the pin in the middle of the map. By train From W\u00fcrzburg main station, it takes about 10 to 15 minutes by taxi to N\u00fcrnberger Str. 74a. By car C oming from the A3 from Frankfurt, take exit 70-W\u00fcrzburg-Heidingsfeld, continue on the B19 [&hellip;]<\/p>\n<div class=\"pvc_clear\"><\/div>\n<p id=\"pvc_stats_30\" class=\"pvc_stats all  \" data-element-id=\"30\" style=\"\"><i class=\"pvc-stats-icon small\" aria-hidden=\"true\"><svg aria-hidden=\"true\" focusable=\"false\" data-prefix=\"far\" data-icon=\"chart-bar\" role=\"img\" xmlns=\"http:\/\/www.w3.org\/2000\/svg\" viewBox=\"0 0 512 512\" class=\"svg-inline--fa fa-chart-bar fa-w-16 fa-2x\"><path fill=\"currentColor\" d=\"M396.8 352h22.4c6.4 0 12.8-6.4 12.8-12.8V108.8c0-6.4-6.4-12.8-12.8-12.8h-22.4c-6.4 0-12.8 6.4-12.8 12.8v230.4c0 6.4 6.4 12.8 12.8 12.8zm-192 0h22.4c6.4 0 12.8-6.4 12.8-12.8V140.8c0-6.4-6.4-12.8-12.8-12.8h-22.4c-6.4 0-12.8 6.4-12.8 12.8v198.4c0 6.4 6.4 12.8 12.8 12.8zm96 0h22.4c6.4 0 12.8-6.4 12.8-12.8V204.8c0-6.4-6.4-12.8-12.8-12.8h-22.4c-6.4 0-12.8 6.4-12.8 12.8v134.4c0 6.4 6.4 12.8 12.8 12.8zM496 400H48V80c0-8.84-7.16-16-16-16H16C7.16 64 0 71.16 0 80v336c0 17.67 14.33 32 32 32h464c8.84 0 16-7.16 16-16v-16c0-8.84-7.16-16-16-16zm-387.2-48h22.4c6.4 0 12.8-6.4 12.8-12.8v-70.4c0-6.4-6.4-12.8-12.8-12.8h-22.4c-6.4 0-12.8 6.4-12.8 12.8v70.4c0 6.4 6.4 12.8 12.8 12.8z\" class=\"\"><\/path><\/svg><\/i> <img loading=\"lazy\" decoding=\"async\" width=\"16\" height=\"16\" alt=\"Loading\" src=\"https:\/\/www.tni-medical.de\/en\/wp-content\/plugins\/page-views-count\/ajax-loader-2x.gif\" border=0 \/><\/p>\n<div class=\"pvc_clear\"><\/div>\n","protected":false},"author":1,"featured_media":0,"parent":17,"menu_order":3,"comment_status":"closed","ping_status":"closed","template":"","meta":{"footnotes":""},"class_list":["post-30","page","type-page","status-publish","hentry"],"yoast_head":"<!-- This site is optimized with the Yoast SEO plugin v26.6 - https:\/\/yoast.com\/wordpress\/plugins\/seo\/ -->\n<title>Location - TNI medical AG<\/title>\n<meta name=\"robots\" content=\"index, follow, max-snippet:-1, max-image-preview:large, max-video-preview:-1\" \/>\n<link rel=\"canonical\" href=\"https:\/\/www.tni-medical.de\/en\/contact\/location\/\" \/>\n<meta property=\"og:locale\" content=\"en_US\" \/>\n<meta property=\"og:type\" content=\"article\" \/>\n<meta property=\"og:title\" content=\"Location - TNI medical AG\" \/>\n<meta property=\"og:description\" content=\"Headquarters Tip: To plan your route using Google Maps, simply click on the pin in the middle of the map. By train From W\u00fcrzburg main station, it takes about 10 to 15 minutes by taxi to N\u00fcrnberger Str. 74a. By car C oming from the A3 from Frankfurt, take exit 70-W\u00fcrzburg-Heidingsfeld, continue on the B19 [&hellip;]\" \/>\n<meta property=\"og:url\" content=\"https:\/\/www.tni-medical.de\/en\/contact\/location\/\" \/>\n<meta property=\"og:site_name\" content=\"TNI medical AG\" \/>\n<meta property=\"article:modified_time\" content=\"2025-04-16T13:55:51+00:00\" \/>\n<meta name=\"twitter:card\" content=\"summary_large_image\" \/>\n<meta name=\"twitter:label1\" content=\"Est. reading time\" \/>\n\t<meta name=\"twitter:data1\" content=\"1 minute\" \/>\n<script type=\"application\/ld+json\" class=\"yoast-schema-graph\">{\"@context\":\"https:\/\/schema.org\",\"@graph\":[{\"@type\":\"WebPage\",\"@id\":\"https:\/\/www.tni-medical.de\/en\/contact\/location\/\",\"url\":\"https:\/\/www.tni-medical.de\/en\/contact\/location\/\",\"name\":\"Location - TNI medical AG\",\"isPartOf\":{\"@id\":\"https:\/\/www.tni-medical.de\/en\/#website\"},\"datePublished\":\"2024-06-05T07:47:30+00:00\",\"dateModified\":\"2025-04-16T13:55:51+00:00\",\"breadcrumb\":{\"@id\":\"https:\/\/www.tni-medical.de\/en\/contact\/location\/#breadcrumb\"},\"inLanguage\":\"en-US\",\"potentialAction\":[{\"@type\":\"ReadAction\",\"target\":[\"https:\/\/www.tni-medical.de\/en\/contact\/location\/\"]}]},{\"@type\":\"BreadcrumbList\",\"@id\":\"https:\/\/www.tni-medical.de\/en\/contact\/location\/#breadcrumb\",\"itemListElement\":[{\"@type\":\"ListItem\",\"position\":1,\"name\":\"Startseite\",\"item\":\"https:\/\/www.tni-medical.de\/en\/\"},{\"@type\":\"ListItem\",\"position\":2,\"name\":\"Contact\",\"item\":\"https:\/\/www.tni-medical.de\/en\/contact\/\"},{\"@type\":\"ListItem\",\"position\":3,\"name\":\"Location\"}]},{\"@type\":\"WebSite\",\"@id\":\"https:\/\/www.tni-medical.de\/en\/#website\",\"url\":\"https:\/\/www.tni-medical.de\/en\/\",\"name\":\"TNI medical AG\",\"description\":\"\",\"publisher\":{\"@id\":\"https:\/\/www.tni-medical.de\/en\/#organization\"},\"potentialAction\":[{\"@type\":\"SearchAction\",\"target\":{\"@type\":\"EntryPoint\",\"urlTemplate\":\"https:\/\/www.tni-medical.de\/en\/?s={search_term_string}\"},\"query-input\":{\"@type\":\"PropertyValueSpecification\",\"valueRequired\":true,\"valueName\":\"search_term_string\"}}],\"inLanguage\":\"en-US\"},{\"@type\":\"Organization\",\"@id\":\"https:\/\/www.tni-medical.de\/en\/#organization\",\"name\":\"TNI medical AG\",\"url\":\"https:\/\/www.tni-medical.de\/en\/\",\"logo\":{\"@type\":\"ImageObject\",\"inLanguage\":\"en-US\",\"@id\":\"https:\/\/www.tni-medical.de\/en\/#\/schema\/logo\/image\/\",\"url\":\"https:\/\/www.tni-medical.de\/en\/wp-content\/uploads\/sites\/3\/2024\/06\/Logo_TNI-Masimo_block.png\",\"contentUrl\":\"https:\/\/www.tni-medical.de\/en\/wp-content\/uploads\/sites\/3\/2024\/06\/Logo_TNI-Masimo_block.png\",\"width\":1105,\"height\":971,\"caption\":\"TNI medical AG\"},\"image\":{\"@id\":\"https:\/\/www.tni-medical.de\/en\/#\/schema\/logo\/image\/\"}}]}<\/script>\n<!-- \/ Yoast SEO plugin. -->","yoast_head_json":{"title":"Location - TNI medical AG","robots":{"index":"index","follow":"follow","max-snippet":"max-snippet:-1","max-image-preview":"max-image-preview:large","max-video-preview":"max-video-preview:-1"},"canonical":"https:\/\/www.tni-medical.de\/en\/contact\/location\/","og_locale":"en_US","og_type":"article","og_title":"Location - TNI medical AG","og_description":"Headquarters Tip: To plan your route using Google Maps, simply click on the pin in the middle of the map. By train From W\u00fcrzburg main station, it takes about 10 to 15 minutes by taxi to N\u00fcrnberger Str. 74a. By car C oming from the A3 from Frankfurt, take exit 70-W\u00fcrzburg-Heidingsfeld, continue on the B19 [&hellip;]","og_url":"https:\/\/www.tni-medical.de\/en\/contact\/location\/","og_site_name":"TNI medical AG","article_modified_time":"2025-04-16T13:55:51+00:00","twitter_card":"summary_large_image","twitter_misc":{"Est. reading time":"1 minute"},"schema":{"@context":"https:\/\/schema.org","@graph":[{"@type":"WebPage","@id":"https:\/\/www.tni-medical.de\/en\/contact\/location\/","url":"https:\/\/www.tni-medical.de\/en\/contact\/location\/","name":"Location - TNI medical AG","isPartOf":{"@id":"https:\/\/www.tni-medical.de\/en\/#website"},"datePublished":"2024-06-05T07:47:30+00:00","dateModified":"2025-04-16T13:55:51+00:00","breadcrumb":{"@id":"https:\/\/www.tni-medical.de\/en\/contact\/location\/#breadcrumb"},"inLanguage":"en-US","potentialAction":[{"@type":"ReadAction","target":["https:\/\/www.tni-medical.de\/en\/contact\/location\/"]}]},{"@type":"BreadcrumbList","@id":"https:\/\/www.tni-medical.de\/en\/contact\/location\/#breadcrumb","itemListElement":[{"@type":"ListItem","position":1,"name":"Startseite","item":"https:\/\/www.tni-medical.de\/en\/"},{"@type":"ListItem","position":2,"name":"Contact","item":"https:\/\/www.tni-medical.de\/en\/contact\/"},{"@type":"ListItem","position":3,"name":"Location"}]},{"@type":"WebSite","@id":"https:\/\/www.tni-medical.de\/en\/#website","url":"https:\/\/www.tni-medical.de\/en\/","name":"TNI medical AG","description":"","publisher":{"@id":"https:\/\/www.tni-medical.de\/en\/#organization"},"potentialAction":[{"@type":"SearchAction","target":{"@type":"EntryPoint","urlTemplate":"https:\/\/www.tni-medical.de\/en\/?s={search_term_string}"},"query-input":{"@type":"PropertyValueSpecification","valueRequired":true,"valueName":"search_term_string"}}],"inLanguage":"en-US"},{"@type":"Organization","@id":"https:\/\/www.tni-medical.de\/en\/#organization","name":"TNI medical AG","url":"https:\/\/www.tni-medical.de\/en\/","logo":{"@type":"ImageObject","inLanguage":"en-US","@id":"https:\/\/www.tni-medical.de\/en\/#\/schema\/logo\/image\/","url":"https:\/\/www.tni-medical.de\/en\/wp-content\/uploads\/sites\/3\/2024\/06\/Logo_TNI-Masimo_block.png","contentUrl":"https:\/\/www.tni-medical.de\/en\/wp-content\/uploads\/sites\/3\/2024\/06\/Logo_TNI-Masimo_block.png","width":1105,"height":971,"caption":"TNI medical AG"},"image":{"@id":"https:\/\/www.tni-medical.de\/en\/#\/schema\/logo\/image\/"}}]}},"_links":{"self":[{"href":"https:\/\/www.tni-medical.de\/en\/wp-json\/wp\/v2\/pages\/30","targetHints":{"allow":["GET"]}}],"collection":[{"href":"https:\/\/www.tni-medical.de\/en\/wp-json\/wp\/v2\/pages"}],"about":[{"href":"https:\/\/www.tni-medical.de\/en\/wp-json\/wp\/v2\/types\/page"}],"author":[{"embeddable":true,"href":"https:\/\/www.tni-medical.de\/en\/wp-json\/wp\/v2\/users\/1"}],"replies":[{"embeddable":true,"href":"https:\/\/www.tni-medical.de\/en\/wp-json\/wp\/v2\/comments?post=30"}],"version-history":[{"count":4,"href":"https:\/\/www.tni-medical.de\/en\/wp-json\/wp\/v2\/pages\/30\/revisions"}],"predecessor-version":[{"id":626,"href":"https:\/\/www.tni-medical.de\/en\/wp-json\/wp\/v2\/pages\/30\/revisions\/626"}],"up":[{"embeddable":true,"href":"https:\/\/www.tni-medical.de\/en\/wp-json\/wp\/v2\/pages\/17"}],"wp:attachment":[{"href":"https:\/\/www.tni-medical.de\/en\/wp-json\/wp\/v2\/media?parent=30"}],"curies":[{"name":"wp","href":"https:\/\/api.w.org\/{rel}","templated":true}]}}